{"id":4870,"date":"2020-12-16T13:36:58","date_gmt":"2020-12-16T13:36:58","guid":{"rendered":"https:\/\/sanalisi.com\/urun\/bi-metal-kst-serisi-termostat\/"},"modified":"2021-02-26T18:07:11","modified_gmt":"2021-02-26T18:07:11","slug":"bi-metal-kst-serisi-termostat","status":"publish","type":"product","link":"https:\/\/sanalisi.com\/en\/urun\/bi-metal-kst-serisi-termostat\/","title":{"rendered":"KST Series Bimetal Thermostat"},"content":{"rendered":"<p>Our Thermostats in the thermostats group are made of the best quality and best materials. It is presented to you after passing special tests at world standards.<\/p>\n","protected":false},"excerpt":{"rendered":"<p>Our Thermostats in the thermostats group are made of the best quality and best materials. It is presented to you after passing special tests at world standards.<\/p>\n<p>&nbsp;<\/p>\n<table width=\"100%\">\n<tbody>\n<tr>\n<th class=\"urunKod\"><\/th>\n<th class=\"urunOzellik\"><\/th>\n<\/tr>\n<tr>\n<th>KST201 &#8211; TS02<\/th>\n<td>Semaver Termostat\u0131<\/td>\n<\/tr>\n<tr>\n<th>453 103 5000-1<\/th>\n<td>Ak\u0131m Kontroll\u00fc (KST 820 1943)<\/td>\n<\/tr>\n<tr>\n<th>453 103 5000-2<\/th>\n<td>Ak\u0131m Kontroll\u00fc (KST 820 1944)<\/td>\n<\/tr>\n<tr>\n<th>453 103 5000-3<\/th>\n<td>Ocak Termostat\u0131 (KST 820 1945)<\/td>\n<\/tr>\n<tr>\n<th>453 103 5000-4<\/th>\n<td>F\u0131r\u0131n Termostat\u0131 (KST 820 1646)<\/td>\n<\/tr>\n<tr>\n<th>453 103 5000-5<\/th>\n<td>Semaver Termostat\u0131 (KST 820 1994)<\/td>\n<\/tr>\n<tr>\n<th>453 103 5000-6<\/th>\n<td>Semaver Termostat\u0131 (KST 820 1947)<\/td>\n<\/tr>\n<tr>\n<th>453 103 5000-7<\/th>\n<td>Soba Termostat\u0131 (KST 820B 1948)<\/td>\n<\/tr>\n<tr>\n<th>453 103 5000-8<\/th>\n<td>Soba Termostat\u0131 (KST 820B 1949)<\/td>\n<\/tr>\n<tr>\n<th>453 103 5000-9<\/th>\n<td>F\u0131r\u0131n Termostat\u0131 (KST 820 1950)<\/td>\n<\/tr>\n<tr>\n<th>453 103 5000-10<\/th>\n<td>F\u0131r\u0131n Termostat\u0131 (KST 820 1951)<\/td>\n<\/tr>\n<tr>\n<th>453 103 5000-11<\/th>\n<td>Soba Termostat\u0131 (KST 820B 1948-1)<\/td>\n<\/tr>\n<\/tbody>\n<\/table>\n","protected":false},"featured_media":4871,"template":"","meta":[],"product_cat":[100],"product_tag":[],"class_list":["post-4870","product","type-product","status-publish","has-post-thumbnail","hentry","product_cat-thermostats"],"_links":{"self":[{"href":"https:\/\/sanalisi.com\/en\/wp-json\/wp\/v2\/product\/4870"}],"collection":[{"href":"https:\/\/sanalisi.com\/en\/wp-json\/wp\/v2\/product"}],"about":[{"href":"https:\/\/sanalisi.com\/en\/wp-json\/wp\/v2\/types\/product"}],"wp:featuredmedia":[{"embeddable":true,"href":"https:\/\/sanalisi.com\/en\/wp-json\/wp\/v2\/media\/4871"}],"wp:attachment":[{"href":"https:\/\/sanalisi.com\/en\/wp-json\/wp\/v2\/media?parent=4870"}],"wp:term":[{"taxonomy":"product_cat","embeddable":true,"href":"https:\/\/sanalisi.com\/en\/wp-json\/wp\/v2\/product_cat?post=4870"},{"taxonomy":"product_tag","embeddable":true,"href":"https:\/\/sanalisi.com\/en\/wp-json\/wp\/v2\/product_tag?post=4870"}],"curies":[{"name":"wp","href":"https:\/\/api.w.org\/{rel}","templated":true}]}}